{"id":51,"date":"2024-10-25T11:54:15","date_gmt":"2024-10-25T14:54:15","guid":{"rendered":"https:\/\/davibritto.com.br\/?page_id=51"},"modified":"2026-03-16T06:57:37","modified_gmt":"2026-03-16T09:57:37","slug":"davi-britto","status":"publish","type":"page","link":"https:\/\/davibritto.com.br\/","title":{"rendered":"Davi Britto"},"content":{"rendered":"\t\t<div data-elementor-type=\"wp-page\" data-elementor-id=\"51\" class=\"elementor elementor-51\" data-elementor-post-type=\"page\">\n\t\t\t\t\t\t<section class=\"elementor-section elementor-top-section elementor-element elementor-element-d4456ef elementor-section-boxed elementor-section-height-default elementor-section-height-default\" data-id=\"d4456ef\" data-element_type=\"section\" data-e-type=\"section\">\n\t\t\t\t\t\t<div class=\"elementor-container elementor-column-gap-default\">\n\t\t\t\t\t<div class=\"elementor-column elementor-col-100 elementor-top-column elementor-element elementor-element-48e538b\" data-id=\"48e538b\" data-element_type=\"column\" data-e-type=\"column\">\n\t\t\t<div class=\"elementor-widget-wrap elementor-element-populated\">\n\t\t\t\t\t\t<div class=\"elementor-element elementor-element-ed41959 elementor-align-center elementor-widget__width-inherit e-transform elementor-widget-mobile__width-initial elementor-widget elementor-widget-button\" data-id=\"ed41959\" data-element_type=\"widget\" data-e-type=\"widget\" id=\"grupo vip iluminados\" data-settings=\"{&quot;_transform_scale_effect&quot;:{&quot;unit&quot;:&quot;px&quot;,&quot;size&quot;:1.6,&quot;sizes&quot;:[]},&quot;_transform_scale_effect_tablet&quot;:{&quot;unit&quot;:&quot;px&quot;,&quot;size&quot;:&quot;&quot;,&quot;sizes&quot;:[]},&quot;_transform_scale_effect_mobile&quot;:{&quot;unit&quot;:&quot;px&quot;,&quot;size&quot;:&quot;&quot;,&quot;sizes&quot;:[]}}\" data-widget_type=\"button.default\">\n\t\t\t\t<div class=\"elementor-widget-container\">\n\t\t\t\t\t\t\t\t\t<div class=\"elementor-button-wrapper\">\n\t\t\t\t\t<a class=\"elementor-button elementor-button-link elementor-size-sm elementor-animation-pulse\" href=\"https:\/\/davibritto.hotmart.host\/nova-pagina-03ccbf73-c322-4508-8bbf-621d17ad0e86\" target=\"_blank\" id=\"1\">\n\t\t\t\t\t\t<span class=\"elementor-button-content-wrapper\">\n\t\t\t\t\t\t\t\t\t<span class=\"elementor-button-text\">ILUMINADOS A Mentoria<\/span>\n\t\t\t\t\t<\/span>\n\t\t\t\t\t<\/a>\n\t\t\t\t<\/div>\n\t\t\t\t\t\t\t\t<\/div>\n\t\t\t\t<\/div>\n\t\t\t\t<div class=\"elementor-element elementor-element-ba27e37 elementor-align-center elementor-widget__width-inherit e-transform elementor-widget elementor-widget-button\" data-id=\"ba27e37\" data-element_type=\"widget\" data-e-type=\"widget\" data-settings=\"{&quot;_transform_scale_effect&quot;:{&quot;unit&quot;:&quot;px&quot;,&quot;size&quot;:1.6,&quot;sizes&quot;:[]},&quot;_transform_scale_effect_tablet&quot;:{&quot;unit&quot;:&quot;px&quot;,&quot;size&quot;:&quot;&quot;,&quot;sizes&quot;:[]},&quot;_transform_scale_effect_mobile&quot;:{&quot;unit&quot;:&quot;px&quot;,&quot;size&quot;:&quot;&quot;,&quot;sizes&quot;:[]}}\" data-widget_type=\"button.default\">\n\t\t\t\t<div class=\"elementor-widget-container\">\n\t\t\t\t\t\t\t\t\t<div class=\"elementor-button-wrapper\">\n\t\t\t\t\t<a class=\"elementor-button elementor-button-link elementor-size-sm\" href=\"https:\/\/www.amazon.com.br\/EI-CAMPE%C3%83O-Davi-Britto\/dp\/6526624979\/ref=mp_s_a_1_1?crid=1DDCIS23Q6YEF&#038;dib=eyJ2IjoiMSJ9.VfBlTZSLdJXTCgkJDZ_Odoso3vdzBP3EOfUD0ELRDbU.kckOWkt7cGLFZQui4KmHhLYA-Kk-IGITc4nElUlU44A&#038;dib_tag=se&#038;keywords=davi+britto+ei+campe%C3%A3o&#038;qid=1726422882&#038;sprefix=davi+britto+ei+campe%C3%A3o+%2Caps%2C438&#038;sr=8-1\" target=\"_blank\" id=\"1\">\n\t\t\t\t\t\t<span class=\"elementor-button-content-wrapper\">\n\t\t\t\t\t\t\t\t\t<span class=\"elementor-button-text\">Livro Ei, Campe\u00e3o!<\/span>\n\t\t\t\t\t<\/span>\n\t\t\t\t\t<\/a>\n\t\t\t\t<\/div>\n\t\t\t\t\t\t\t\t<\/div>\n\t\t\t\t<\/div>\n\t\t\t\t<div class=\"elementor-element elementor-element-5d2654e elementor-align-center elementor-widget__width-inherit e-transform elementor-widget elementor-widget-button\" data-id=\"5d2654e\" data-element_type=\"widget\" data-e-type=\"widget\" id=\"meu-canal-do-youtube\" data-settings=\"{&quot;_transform_scale_effect&quot;:{&quot;unit&quot;:&quot;px&quot;,&quot;size&quot;:1.6,&quot;sizes&quot;:[]},&quot;_transform_scale_effect_tablet&quot;:{&quot;unit&quot;:&quot;px&quot;,&quot;size&quot;:&quot;&quot;,&quot;sizes&quot;:[]},&quot;_transform_scale_effect_mobile&quot;:{&quot;unit&quot;:&quot;px&quot;,&quot;size&quot;:&quot;&quot;,&quot;sizes&quot;:[]}}\" data-widget_type=\"button.default\">\n\t\t\t\t<div class=\"elementor-widget-container\">\n\t\t\t\t\t\t\t\t\t<div class=\"elementor-button-wrapper\">\n\t\t\t\t\t<a class=\"elementor-button elementor-button-link elementor-size-sm\" href=\"https:\/\/api.whatsapp.com\/send\/?phone=92991190714\" target=\"_blank\" id=\"2\">\n\t\t\t\t\t\t<span class=\"elementor-button-content-wrapper\">\n\t\t\t\t\t\t\t\t\t<span class=\"elementor-button-text\"> Agende Sua Consulta<\/span>\n\t\t\t\t\t<\/span>\n\t\t\t\t\t<\/a>\n\t\t\t\t<\/div>\n\t\t\t\t\t\t\t\t<\/div>\n\t\t\t\t<\/div>\n\t\t\t\t<div class=\"elementor-element elementor-element-aa2dc93 elementor-align-center elementor-widget__width-inherit e-transform elementor-widget elementor-widget-button\" data-id=\"aa2dc93\" data-element_type=\"widget\" data-e-type=\"widget\" id=\"saiba-quem-sou-eu\" data-settings=\"{&quot;_transform_scale_effect&quot;:{&quot;unit&quot;:&quot;px&quot;,&quot;size&quot;:1.6,&quot;sizes&quot;:[]},&quot;_transform_scale_effect_tablet&quot;:{&quot;unit&quot;:&quot;px&quot;,&quot;size&quot;:&quot;&quot;,&quot;sizes&quot;:[]},&quot;_transform_scale_effect_mobile&quot;:{&quot;unit&quot;:&quot;px&quot;,&quot;size&quot;:&quot;&quot;,&quot;sizes&quot;:[]}}\" data-widget_type=\"button.default\">\n\t\t\t\t<div class=\"elementor-widget-container\">\n\t\t\t\t\t\t\t\t\t<div class=\"elementor-button-wrapper\">\n\t\t\t\t\t<a class=\"elementor-button elementor-button-link elementor-size-sm\" href=\"https:\/\/davibritto.com.br\/index.php\/saiba-quem-sou-eu\/\" id=\"5\">\n\t\t\t\t\t\t<span class=\"elementor-button-content-wrapper\">\n\t\t\t\t\t\t\t\t\t<span class=\"elementor-button-text\">Saiba Quem Sou Eu<\/span>\n\t\t\t\t\t<\/span>\n\t\t\t\t\t<\/a>\n\t\t\t\t<\/div>\n\t\t\t\t\t\t\t\t<\/div>\n\t\t\t\t<\/div>\n\t\t\t\t<div class=\"elementor-element elementor-element-39b7904 elementor-shape-rounded elementor-grid-0 e-grid-align-center elementor-widget elementor-widget-social-icons\" data-id=\"39b7904\" data-element_type=\"widget\" data-e-type=\"widget\" data-widget_type=\"social-icons.default\">\n\t\t\t\t<div class=\"elementor-widget-container\">\n\t\t\t\t\t\t\t<div class=\"elementor-social-icons-wrapper elementor-grid\" role=\"list\">\n\t\t\t\t\t\t\t<span class=\"elementor-grid-item\" role=\"listitem\">\n\t\t\t\t\t<a class=\"elementor-icon elementor-social-icon elementor-social-icon-facebook elementor-animation-wobble-horizontal elementor-repeater-item-2732315\" href=\"https:\/\/www.facebook.com\/eusoudavibritto\" target=\"_blank\">\n\t\t\t\t\t\t<span class=\"elementor-screen-only\">Facebook<\/span>\n\t\t\t\t\t\t<i aria-hidden=\"true\" class=\"fab fa-facebook\"><\/i>\t\t\t\t\t<\/a>\n\t\t\t\t<\/span>\n\t\t\t\t\t\t\t<span class=\"elementor-grid-item\" role=\"listitem\">\n\t\t\t\t\t<a class=\"elementor-icon elementor-social-icon elementor-social-icon-youtube elementor-animation-wobble-horizontal elementor-repeater-item-7d10043\" href=\"https:\/\/www.youtube.com\/@EUSOUDAVIBRITTO\" target=\"_blank\">\n\t\t\t\t\t\t<span class=\"elementor-screen-only\">Youtube<\/span>\n\t\t\t\t\t\t<i aria-hidden=\"true\" class=\"fab fa-youtube\"><\/i>\t\t\t\t\t<\/a>\n\t\t\t\t<\/span>\n\t\t\t\t\t\t\t<span class=\"elementor-grid-item\" role=\"listitem\">\n\t\t\t\t\t<a class=\"elementor-icon elementor-social-icon elementor-social-icon-instagram elementor-animation-wobble-horizontal elementor-repeater-item-9aabb9e\" href=\"https:\/\/www.instagram.com\/eusoudavibritto\/\" target=\"_blank\">\n\t\t\t\t\t\t<span class=\"elementor-screen-only\">Instagram<\/span>\n\t\t\t\t\t\t<i aria-hidden=\"true\" class=\"fab fa-instagram\"><\/i>\t\t\t\t\t<\/a>\n\t\t\t\t<\/span>\n\t\t\t\t\t\t\t<span class=\"elementor-grid-item\" role=\"listitem\">\n\t\t\t\t\t<a class=\"elementor-icon elementor-social-icon elementor-social-icon- elementor-animation-wobble-horizontal elementor-repeater-item-8ae7bbb\" href=\"https:\/\/www.tiktok.com\/@eusoudavibritto\" target=\"_blank\">\n\t\t\t\t\t\t<span class=\"elementor-screen-only\"><\/span>\n\t\t\t\t\t\t<svg xmlns=\"http:\/\/www.w3.org\/2000\/svg\" width=\"512px\" height=\"512px\" viewBox=\"0 0 512 512\" id=\"icons\"><path d=\"M412.19,118.66a109.27,109.27,0,0,1-9.45-5.5,132.87,132.87,0,0,1-24.27-20.62c-18.1-20.71-24.86-41.72-27.35-56.43h.1C349.14,23.9,350,16,350.13,16H267.69V334.78c0,4.28,0,8.51-.18,12.69,0,.52-.05,1-.08,1.56,0,.23,0,.47-.05.71,0,.06,0,.12,0,.18a70,70,0,0,1-35.22,55.56,68.8,68.8,0,0,1-34.11,9c-38.41,0-69.54-31.32-69.54-70s31.13-70,69.54-70a68.9,68.9,0,0,1,21.41,3.39l.1-83.94a153.14,153.14,0,0,0-118,34.52,161.79,161.79,0,0,0-35.3,43.53c-3.48,6-16.61,30.11-18.2,69.24-1,22.21,5.67,45.22,8.85,54.73v.2c2,5.6,9.75,24.71,22.38,40.82A167.53,167.53,0,0,0,115,470.66v-.2l.2.2C155.11,497.78,199.36,496,199.36,496c7.66-.31,33.32,0,62.46-13.81,32.32-15.31,50.72-38.12,50.72-38.12a158.46,158.46,0,0,0,27.64-45.93c7.46-19.61,9.95-43.13,9.95-52.53V176.49c1,.6,14.32,9.41,14.32,9.41s19.19,12.3,49.13,20.31c21.48,5.7,50.42,6.9,50.42,6.9V131.27C453.86,132.37,433.27,129.17,412.19,118.66Z\"><\/path><\/svg>\t\t\t\t\t<\/a>\n\t\t\t\t<\/span>\n\t\t\t\t\t<\/div>\n\t\t\t\t\t\t<\/div>\n\t\t\t\t<\/div>\n\t\t\t\t\t<\/div>\n\t\t<\/div>\n\t\t\t\t\t<\/div>\n\t\t<\/section>\n\t\t\t\t<section class=\"elementor-section elementor-top-section elementor-element elementor-element-5e7f08d elementor-section-full_width elementor-section-height-default elementor-section-height-default\" data-id=\"5e7f08d\" data-element_type=\"section\" data-e-type=\"section\">\n\t\t\t\t\t\t<div class=\"elementor-container elementor-column-gap-default\">\n\t\t\t\t\t<div class=\"elementor-column elementor-col-100 elementor-top-column elementor-element elementor-element-f3d481a\" data-id=\"f3d481a\" data-element_type=\"column\" data-e-type=\"column\">\n\t\t\t<div class=\"elementor-widget-wrap\">\n\t\t\t\t\t\t\t<\/div>\n\t\t<\/div>\n\t\t\t\t\t<\/div>\n\t\t<\/section>\n\t\t\t\t<section class=\"elementor-section elementor-top-section elementor-element elementor-element-eb40b41 elementor-section-boxed elementor-section-height-default elementor-section-height-default\" data-id=\"eb40b41\" data-element_type=\"section\" data-e-type=\"section\">\n\t\t\t\t\t\t<div class=\"elementor-container elementor-column-gap-default\">\n\t\t\t\t\t<div class=\"elementor-column elementor-col-100 elementor-top-column elementor-element elementor-element-ad9d283\" data-id=\"ad9d283\" data-element_type=\"column\" data-e-type=\"column\">\n\t\t\t<div class=\"elementor-widget-wrap elementor-element-populated\">\n\t\t\t\t\t\t<div class=\"elementor-element elementor-element-60a2259 elementor-widget elementor-widget-text-editor\" data-id=\"60a2259\" data-element_type=\"widget\" data-e-type=\"widget\" data-widget_type=\"text-editor.default\">\n\t\t\t\t<div class=\"elementor-widget-container\">\n\t\t\t\t\t\t\t\t\t<p><span style=\"color: #ffffff; font-family: Roboto, Helvetica, Arial, Lucida, sans-serif; font-size: 12px; letter-spacing: 1px; text-transform: none; background-color: #1f1f1f;\">\u00a9 Copyright 2026 . powered by Davi Britto<\/span><\/p>\t\t\t\t\t\t\t\t<\/div>\n\t\t\t\t<\/div>\n\t\t\t\t\t<\/div>\n\t\t<\/div>\n\t\t\t\t\t<\/div>\n\t\t<\/section>\n\t\t\t\t<\/div>\n\t\t","protected":false},"excerpt":{"rendered":"<p>Davi Britto \u00e9 psicoterapeuta, escritor e palestrante e especialista em reprograma\u00e7\u00e3o mental.<\/p>\n","protected":false},"author":1,"featured_media":1496,"parent":0,"menu_order":0,"comment_status":"closed","ping_status":"closed","template":"elementor_canvas","meta":{"footnotes":""},"class_list":["post-51","page","type-page","status-publish","has-post-thumbnail","hentry"],"yoast_head":"<!-- This site is optimized with the Yoast SEO plugin v27.3 - https:\/\/yoast.com\/product\/yoast-seo-wordpress\/ -->\n<title>Davi Britto - D A V I B R I T T O<\/title>\n<meta name=\"description\" content=\"Davi Britto \u00e9 psicoterapeuta, escritor, palestrante e especialista em reprograma\u00e7\u00e3o mental.\" \/>\n<meta name=\"robots\" content=\"index, follow, max-snippet:-1, max-image-preview:large, max-video-preview:-1\" \/>\n<link rel=\"canonical\" href=\"https:\/\/davibritto.com.br\/\" \/>\n<meta property=\"og:locale\" content=\"pt_BR\" \/>\n<meta property=\"og:type\" content=\"article\" \/>\n<meta property=\"og:title\" content=\"Davi Britto - D A V I B R I T T O\" \/>\n<meta property=\"og:description\" content=\"Davi Britto \u00e9 psicoterapeuta, escritor, palestrante e especialista em reprograma\u00e7\u00e3o mental.\" \/>\n<meta property=\"og:url\" content=\"https:\/\/davibritto.com.br\/\" \/>\n<meta property=\"og:site_name\" content=\"D A V I B R I T T O\" \/>\n<meta property=\"article:modified_time\" content=\"2026-03-16T09:57:37+00:00\" \/>\n<meta property=\"og:image\" content=\"https:\/\/davibritto.com.br\/wp-content\/uploads\/2021\/03\/logodosite.jpg\" \/>\n\t<meta property=\"og:image:width\" content=\"1200\" \/>\n\t<meta property=\"og:image:height\" content=\"630\" \/>\n\t<meta property=\"og:image:type\" content=\"image\/jpeg\" \/>\n<meta name=\"twitter:card\" content=\"summary_large_image\" \/>\n<meta name=\"twitter:label1\" content=\"Est. tempo de leitura\" \/>\n\t<meta name=\"twitter:data1\" content=\"1 minuto\" \/>\n<script type=\"application\/ld+json\" class=\"yoast-schema-graph\">{\"@context\":\"https:\\\/\\\/schema.org\",\"@graph\":[{\"@type\":\"WebPage\",\"@id\":\"https:\\\/\\\/davibritto.com.br\\\/\",\"url\":\"https:\\\/\\\/davibritto.com.br\\\/\",\"name\":\"Davi Britto - D A V I B R I T T O\",\"isPartOf\":{\"@id\":\"https:\\\/\\\/davibritto.com.br\\\/#website\"},\"primaryImageOfPage\":{\"@id\":\"https:\\\/\\\/davibritto.com.br\\\/#primaryimage\"},\"image\":{\"@id\":\"https:\\\/\\\/davibritto.com.br\\\/#primaryimage\"},\"thumbnailUrl\":\"https:\\\/\\\/davibritto.com.br\\\/wp-content\\\/uploads\\\/2021\\\/03\\\/logodosite.jpg\",\"datePublished\":\"2024-10-25T14:54:15+00:00\",\"dateModified\":\"2026-03-16T09:57:37+00:00\",\"description\":\"Davi Britto \u00e9 psicoterapeuta, escritor, palestrante e especialista em reprograma\u00e7\u00e3o mental.\",\"breadcrumb\":{\"@id\":\"https:\\\/\\\/davibritto.com.br\\\/#breadcrumb\"},\"inLanguage\":\"pt-BR\",\"potentialAction\":[{\"@type\":\"ReadAction\",\"target\":[\"https:\\\/\\\/davibritto.com.br\\\/\"]}]},{\"@type\":\"ImageObject\",\"inLanguage\":\"pt-BR\",\"@id\":\"https:\\\/\\\/davibritto.com.br\\\/#primaryimage\",\"url\":\"https:\\\/\\\/davibritto.com.br\\\/wp-content\\\/uploads\\\/2021\\\/03\\\/logodosite.jpg\",\"contentUrl\":\"https:\\\/\\\/davibritto.com.br\\\/wp-content\\\/uploads\\\/2021\\\/03\\\/logodosite.jpg\",\"width\":1200,\"height\":630,\"caption\":\"Davi Britto\"},{\"@type\":\"BreadcrumbList\",\"@id\":\"https:\\\/\\\/davibritto.com.br\\\/#breadcrumb\",\"itemListElement\":[{\"@type\":\"ListItem\",\"position\":1,\"name\":\"In\u00edcio\",\"item\":\"https:\\\/\\\/davibritto.com.br\\\/\"},{\"@type\":\"ListItem\",\"position\":2,\"name\":\"Davi Britto\"}]},{\"@type\":\"WebSite\",\"@id\":\"https:\\\/\\\/davibritto.com.br\\\/#website\",\"url\":\"https:\\\/\\\/davibritto.com.br\\\/\",\"name\":\"www.davibritto.com.br\",\"description\":\"Davi Britto \u00e9 psicoterapeuta, escritor e palestrante, atuando na \u00e1rea de desenvolvimento pessoal, intelig\u00eancia emocional e espiritual.\",\"publisher\":{\"@id\":\"https:\\\/\\\/davibritto.com.br\\\/#\\\/schema\\\/person\\\/de3c49feab2821a08906e480430a66bd\"},\"potentialAction\":[{\"@type\":\"SearchAction\",\"target\":{\"@type\":\"EntryPoint\",\"urlTemplate\":\"https:\\\/\\\/davibritto.com.br\\\/?s={search_term_string}\"},\"query-input\":{\"@type\":\"PropertyValueSpecification\",\"valueRequired\":true,\"valueName\":\"search_term_string\"}}],\"inLanguage\":\"pt-BR\"},{\"@type\":[\"Person\",\"Organization\"],\"@id\":\"https:\\\/\\\/davibritto.com.br\\\/#\\\/schema\\\/person\\\/de3c49feab2821a08906e480430a66bd\",\"name\":\"Davi Britto\",\"image\":{\"@type\":\"ImageObject\",\"inLanguage\":\"pt-BR\",\"@id\":\"https:\\\/\\\/davibritto.com.br\\\/wp-content\\\/uploads\\\/2021\\\/03\\\/logodosite.jpg\",\"url\":\"https:\\\/\\\/davibritto.com.br\\\/wp-content\\\/uploads\\\/2021\\\/03\\\/logodosite.jpg\",\"contentUrl\":\"https:\\\/\\\/davibritto.com.br\\\/wp-content\\\/uploads\\\/2021\\\/03\\\/logodosite.jpg\",\"width\":1200,\"height\":630,\"caption\":\"Davi Britto\"},\"logo\":{\"@id\":\"https:\\\/\\\/davibritto.com.br\\\/wp-content\\\/uploads\\\/2021\\\/03\\\/logodosite.jpg\"},\"description\":\"Davi Britto \u00e9 pastor, cantor, compositor, produtor, psicanalista e escritor. Nascido num lar crist\u00e3o, Davi Britto \u00e9 a terceira gera\u00e7\u00e3o de pastores. J\u00e1 viajou por 8 pa\u00edses onde ministrou palestras de diversos temas sobre espiritualidade, intelig\u00eancia emocional, lideran\u00e7a, prosperidade e sucesso.\",\"sameAs\":[\"https:\\\/\\\/davibritto.com.br\"]}]}<\/script>\n<!-- \/ Yoast SEO plugin. -->","yoast_head_json":{"title":"Davi Britto - D A V I B R I T T O","description":"Davi Britto \u00e9 psicoterapeuta, escritor, palestrante e especialista em reprograma\u00e7\u00e3o mental.","robots":{"index":"index","follow":"follow","max-snippet":"max-snippet:-1","max-image-preview":"max-image-preview:large","max-video-preview":"max-video-preview:-1"},"canonical":"https:\/\/davibritto.com.br\/","og_locale":"pt_BR","og_type":"article","og_title":"Davi Britto - D A V I B R I T T O","og_description":"Davi Britto \u00e9 psicoterapeuta, escritor, palestrante e especialista em reprograma\u00e7\u00e3o mental.","og_url":"https:\/\/davibritto.com.br\/","og_site_name":"D A V I B R I T T O","article_modified_time":"2026-03-16T09:57:37+00:00","og_image":[{"width":1200,"height":630,"url":"https:\/\/davibritto.com.br\/wp-content\/uploads\/2021\/03\/logodosite.jpg","type":"image\/jpeg"}],"twitter_card":"summary_large_image","twitter_misc":{"Est. tempo de leitura":"1 minuto"},"schema":{"@context":"https:\/\/schema.org","@graph":[{"@type":"WebPage","@id":"https:\/\/davibritto.com.br\/","url":"https:\/\/davibritto.com.br\/","name":"Davi Britto - D A V I B R I T T O","isPartOf":{"@id":"https:\/\/davibritto.com.br\/#website"},"primaryImageOfPage":{"@id":"https:\/\/davibritto.com.br\/#primaryimage"},"image":{"@id":"https:\/\/davibritto.com.br\/#primaryimage"},"thumbnailUrl":"https:\/\/davibritto.com.br\/wp-content\/uploads\/2021\/03\/logodosite.jpg","datePublished":"2024-10-25T14:54:15+00:00","dateModified":"2026-03-16T09:57:37+00:00","description":"Davi Britto \u00e9 psicoterapeuta, escritor, palestrante e especialista em reprograma\u00e7\u00e3o mental.","breadcrumb":{"@id":"https:\/\/davibritto.com.br\/#breadcrumb"},"inLanguage":"pt-BR","potentialAction":[{"@type":"ReadAction","target":["https:\/\/davibritto.com.br\/"]}]},{"@type":"ImageObject","inLanguage":"pt-BR","@id":"https:\/\/davibritto.com.br\/#primaryimage","url":"https:\/\/davibritto.com.br\/wp-content\/uploads\/2021\/03\/logodosite.jpg","contentUrl":"https:\/\/davibritto.com.br\/wp-content\/uploads\/2021\/03\/logodosite.jpg","width":1200,"height":630,"caption":"Davi Britto"},{"@type":"BreadcrumbList","@id":"https:\/\/davibritto.com.br\/#breadcrumb","itemListElement":[{"@type":"ListItem","position":1,"name":"In\u00edcio","item":"https:\/\/davibritto.com.br\/"},{"@type":"ListItem","position":2,"name":"Davi Britto"}]},{"@type":"WebSite","@id":"https:\/\/davibritto.com.br\/#website","url":"https:\/\/davibritto.com.br\/","name":"www.davibritto.com.br","description":"Davi Britto \u00e9 psicoterapeuta, escritor e palestrante, atuando na \u00e1rea de desenvolvimento pessoal, intelig\u00eancia emocional e espiritual.","publisher":{"@id":"https:\/\/davibritto.com.br\/#\/schema\/person\/de3c49feab2821a08906e480430a66bd"},"potentialAction":[{"@type":"SearchAction","target":{"@type":"EntryPoint","urlTemplate":"https:\/\/davibritto.com.br\/?s={search_term_string}"},"query-input":{"@type":"PropertyValueSpecification","valueRequired":true,"valueName":"search_term_string"}}],"inLanguage":"pt-BR"},{"@type":["Person","Organization"],"@id":"https:\/\/davibritto.com.br\/#\/schema\/person\/de3c49feab2821a08906e480430a66bd","name":"Davi Britto","image":{"@type":"ImageObject","inLanguage":"pt-BR","@id":"https:\/\/davibritto.com.br\/wp-content\/uploads\/2021\/03\/logodosite.jpg","url":"https:\/\/davibritto.com.br\/wp-content\/uploads\/2021\/03\/logodosite.jpg","contentUrl":"https:\/\/davibritto.com.br\/wp-content\/uploads\/2021\/03\/logodosite.jpg","width":1200,"height":630,"caption":"Davi Britto"},"logo":{"@id":"https:\/\/davibritto.com.br\/wp-content\/uploads\/2021\/03\/logodosite.jpg"},"description":"Davi Britto \u00e9 pastor, cantor, compositor, produtor, psicanalista e escritor. Nascido num lar crist\u00e3o, Davi Britto \u00e9 a terceira gera\u00e7\u00e3o de pastores. J\u00e1 viajou por 8 pa\u00edses onde ministrou palestras de diversos temas sobre espiritualidade, intelig\u00eancia emocional, lideran\u00e7a, prosperidade e sucesso.","sameAs":["https:\/\/davibritto.com.br"]}]}},"_links":{"self":[{"href":"https:\/\/davibritto.com.br\/wp-json\/wp\/v2\/pages\/51","targetHints":{"allow":["GET"]}}],"collection":[{"href":"https:\/\/davibritto.com.br\/wp-json\/wp\/v2\/pages"}],"about":[{"href":"https:\/\/davibritto.com.br\/wp-json\/wp\/v2\/types\/page"}],"author":[{"embeddable":true,"href":"https:\/\/davibritto.com.br\/wp-json\/wp\/v2\/users\/1"}],"replies":[{"embeddable":true,"href":"https:\/\/davibritto.com.br\/wp-json\/wp\/v2\/comments?post=51"}],"version-history":[{"count":1149,"href":"https:\/\/davibritto.com.br\/wp-json\/wp\/v2\/pages\/51\/revisions"}],"predecessor-version":[{"id":2012,"href":"https:\/\/davibritto.com.br\/wp-json\/wp\/v2\/pages\/51\/revisions\/2012"}],"wp:featuredmedia":[{"embeddable":true,"href":"https:\/\/davibritto.com.br\/wp-json\/wp\/v2\/media\/1496"}],"wp:attachment":[{"href":"https:\/\/davibritto.com.br\/wp-json\/wp\/v2\/media?parent=51"}],"curies":[{"name":"wp","href":"https:\/\/api.w.org\/{rel}","templated":true}]}}